{"id":1128,"date":"2024-11-01T13:25:18","date_gmt":"2024-11-01T12:25:18","guid":{"rendered":"https:\/\/asso-catalyse.fr\/index.php\/one-page-express\/"},"modified":"2024-11-01T15:09:06","modified_gmt":"2024-11-01T14:09:06","slug":"one-page-express","status":"publish","type":"page","link":"https:\/\/asso-catalyse.fr\/","title":{"rendered":"Front Page"},"content":{"rendered":"<div data-label=\"Propositions\" data-id=\"features-coloured-icon-boxes-section\" data-category=\"features\" class=\"features-coloured-icon-boxes-section\" id=\"propositions\"  style=\"background-color: rgb(246, 246, 246);\"> <div class=\"gridContainer\" > <div class=\"features-coloured-icon-boxes-textrow\" > <div class=\"features-coloured-icon-boxes-textcol dynamic-color\" data-type=\"column\" > <h2 class=\"\" >Les activit\u00e9s que nous proposons<\/h2> <p class=\"\" >Bienvenue sur notre page d\u00e9di\u00e9e aux ateliers et animations&nbsp;! Chez nous, l\u2019\u00e9ducation populaire est au c\u0153ur de nos actions. Nous cherchons \u00e0 donner \u00e0 chacun le pouvoir d\u2019agir pour une alimentation durable. D\u00e9couvrez nos activit\u00e9s vari\u00e9es qui m\u00ealent plaisir, apprentissage et engagement. Que vous soyez int\u00e9ress\u00e9 par des ateliers cuisine, des jeux, des spectacles, de la r\u00e9flexion ou de la formation, nous avons quelque chose pour vous.<br ><br >Parcourez nos propositions ci-dessous pour quelques exemples inspirants, mais n\u2019oubliez pas&nbsp;: cette liste n&rsquo;est pas exhaustive. Chaque projet est unique, et nous sommes l\u00e0 pour co-cr\u00e9er avec vous des activit\u00e9s sur-mesure qui r\u00e9pondent \u00e0 vos besoins sp\u00e9cifiques.<br ><br >Pr\u00eats \u00e0 explorer, apprendre et vous engager? C\u2019est par ici! <img decoding=\"async\" draggable=\"false\" role=\"img\" class=\"emoji\" alt=\"\ud83c\udf7d\ufe0f\" src=\"https:\/\/s.w.org\/images\/core\/emoji\/15.0.3\/svg\/1f37d.svg\" ><img decoding=\"async\" draggable=\"false\" role=\"img\" class=\"emoji\" alt=\"\ud83c\udf31\" src=\"https:\/\/s.w.org\/images\/core\/emoji\/15.0.3\/svg\/1f331.svg\" ><img decoding=\"async\" draggable=\"false\" role=\"img\" class=\"emoji\" alt=\"\ud83d\udc69\u200d\ud83c\udf73\" src=\"https:\/\/s.w.org\/images\/core\/emoji\/15.0.3\/svg\/1f469-200d-1f373.svg\" ><\/p> <\/div> <\/div> <div class=\"features-coloured-icon-boxes-innerrow flexbox-list dark-text\" data-type=\"row\" > <div class=\"features-coloured-icon-boxes-featurecol cp3cols cp6cols-tablet\" >  <h4 class=\"\" >Fresques et Jeux<\/h4> <p class=\"\" >Fresque du Climat&nbsp;: r\u00e9f\u00e9rent d\u00e9partemental, animateur, formateur\n<br ><br >Fresque de la Renaissance \u00c9cologique&nbsp;: repr\u00e9sentant d\u00e9partemental, animateur, formateur\n<br ><br >Fresque de l\u2019Alimentation&nbsp;: animateur\n<br ><br >Fresque Agri\u2019alim&nbsp;: animateur\n<br ><br ><img decoding=\"async\" draggable=\"false\" role=\"img\" class=\"emoji\" alt=\"\ud83c\udf54\" src=\"https:\/\/s.w.org\/images\/core\/emoji\/15.0.3\/svg\/1f354.svg\" > L\u2019Odyss\u00e9e du Burger&nbsp;: Plongez dans l\u2019aventure culinaire de la cr\u00e9ation d\u2019un burger local, bio et v\u00e9g\u00e9tal. Transformez des ingr\u00e9dients simples en un festin gourmet avec des sauces v\u00e9g\u00e9tales personnalis\u00e9es. Puis, participez \u00e0 un jeu interactif r\u00e9v\u00e9lant l\u2019impact environnemental positif de votre cr\u00e9ation. Disponible toute l\u2019ann\u00e9e pour tous les gourmets curieux.\n<br ><br ><img decoding=\"async\" draggable=\"false\" role=\"img\" class=\"emoji\" alt=\"\ud83c\udf31\" src=\"https:\/\/s.w.org\/images\/core\/emoji\/15.0.3\/svg\/1f331.svg\" > Exploration des Prot\u00e9ines V\u00e9g\u00e9tales \u00e0 l\u2019\u00c9cole&nbsp;: Offrez une d\u00e9monstration scientifique et des jeux pour faire d\u00e9couvrir aux \u00e9l\u00e8ves la richesse des prot\u00e9ines v\u00e9g\u00e9tales.<\/p>  <\/div> <div class=\"features-coloured-icon-boxes-featurecol cp3cols cp6cols-tablet\" >  <h4 class=\"\" >Ateliers culinaires<\/h4> <p class=\"\" ><img decoding=\"async\" draggable=\"false\" role=\"img\" class=\"emoji\" alt=\"\ud83e\udd63\" src=\"https:\/\/s.w.org\/images\/core\/emoji\/15.0.3\/svg\/1f963.svg\" > Rocket Soupe&nbsp;: La Disco Soupe \u00c9coresponsable&nbsp;: Rejoignez-nous pour une exp\u00e9rience culinaire unique avec notre disco soupe z\u00e9ro d\u00e9chet. Utilisez notre cuisini\u00e8re \u00e9cologique auto-construite \u00ab&nbsp;rocket stove&nbsp;\u00bb pour concocter de d\u00e9licieuses soupes en plein air, sans gaz ni \u00e9lectricit\u00e9, et c\u00e9l\u00e9brez la saveur de la durabilit\u00e9 lors de vos \u00e9v\u00e9nements sp\u00e9ciaux.\n<br ><br ><img decoding=\"async\" draggable=\"false\" role=\"img\" class=\"emoji\" alt=\"\ud83e\uddc2\" src=\"https:\/\/s.w.org\/images\/core\/emoji\/15.0.3\/svg\/1f9c2.svg\" > Sauces et Condiments&nbsp;: L\u2019Atelier Familial&nbsp;: Cr\u00e9ez des sauces et condiments maison en duo parent-enfant. De mai \u00e0 octobre, transformez des ingr\u00e9dients saisonniers en ketchup, pickles, et plus encore, et repartez avec vos cr\u00e9ations pour les savourer en famille.\n<br ><br ><img decoding=\"async\" draggable=\"false\" role=\"img\" class=\"emoji\" alt=\"\ud83e\udd57\" src=\"https:\/\/s.w.org\/images\/core\/emoji\/15.0.3\/svg\/1f957.svg\" > Prot\u00e9ines V\u00e9g\u00e9tales&nbsp;: Un Voyage Culinaire&nbsp;: Explorez l\u2019association de c\u00e9r\u00e9ales et l\u00e9gumineuses pour cr\u00e9er des plats internationaux \u00e9quilibr\u00e9s et 100% v\u00e9g\u00e9taux. Participez \u00e0 un \u00e9change culturel enrichissant et pr\u00e9parez un dessert v\u00e9g\u00e9tal avec des ingr\u00e9dients accessibles<\/p>  <\/div> <div class=\"features-coloured-icon-boxes-featurecol cp3cols cp6cols-tablet\" >  <h4 class=\"\" >Ateliers de conservation<\/h4> <p class=\"\" ><img decoding=\"async\" draggable=\"false\" role=\"img\" class=\"emoji\" alt=\"\ud83e\udd52\" src=\"https:\/\/s.w.org\/images\/core\/emoji\/15.0.3\/svg\/1f952.svg\" > Secrets de Lactofermentation&nbsp;: D\u00e9couvrez les bienfaits et l\u2019histoire de la lactofermentation. Commencez par une d\u00e9gustation, puis laissez libre cours \u00e0 votre cr\u00e9ativit\u00e9 en \u00e9laborant votre propre recette. Chaque participant repartira avec son bocal de d\u00e9lices \u00e0 faire fermenter \u00e0 la maison.\n<br ><br ><img decoding=\"async\" draggable=\"false\" role=\"img\" class=\"emoji\" alt=\"\ud83c\udf53\" src=\"https:\/\/s.w.org\/images\/core\/emoji\/15.0.3\/svg\/1f353.svg\" > Confitures d\u2019ici&nbsp;: De mai \u00e0 octobre, participez \u00e0 la cr\u00e9ation de confitures artisanales avec des fruits locaux et de saison. \u00c9laborez collectivement des recettes et partagez le plaisir de repartir avec des pots remplis de douceurs.\n<br ><br ><img decoding=\"async\" draggable=\"false\" role=\"img\" class=\"emoji\" alt=\"\u267b\ufe0f\" src=\"https:\/\/s.w.org\/images\/core\/emoji\/15.0.3\/svg\/267b.svg\" > Cuisine Z\u00e9ro Gaspi&nbsp;: Apprenez \u00e0 r\u00e9duire le gaspillage alimentaire en utilisant des invendus et des \u00e9pluchures pour pr\u00e9parer des plats d\u00e9licieux et responsables. <\/p>  <\/div> <div class=\"features-coloured-icon-boxes-featurecol cp3cols cp6cols-tablet\" >  <h4 class=\"\" >R\u00e9flexion et Formation<\/h4> <p class=\"\" ><img decoding=\"async\" draggable=\"false\" role=\"img\" class=\"emoji\" alt=\"\ud83c\udf7d\ufe0f\" src=\"https:\/\/s.w.org\/images\/core\/emoji\/15.0.3\/svg\/1f37d.svg\" > Mon Assiette de Demain&nbsp;: Imaginez l\u2019avenir de l\u2019alimentation lors d\u2019un atelier de r\u00e9flexion utilisant un outil graphique adapt\u00e9 \u00e0 tous les \u00e2ges. Envisagez une alimentation durable sous toutes ses formes et inspirez des changements positifs.\n<br ><br ><img decoding=\"async\" draggable=\"false\" role=\"img\" class=\"emoji\" alt=\"\ud83d\udcda\" src=\"https:\/\/s.w.org\/images\/core\/emoji\/15.0.3\/svg\/1f4da.svg\" > \u00c9duquer pour une Alimentation Durable&nbsp;: [Pour les EVS, structures de proximit\u00e9, de solidarit\u00e9, ACM, etc.] Formez vos employ\u00e9s et b\u00e9n\u00e9voles \u00e0 l\u2019alimentation durable gr\u00e2ce \u00e0 des outils p\u00e9dagogiques innovants. Impl\u00e9mentez des cycles d\u2019apprentissage et des go\u00fbters maison pour sensibiliser et \u00e9duquer.\n<br ><br ><img decoding=\"async\" draggable=\"false\" role=\"img\" class=\"emoji\" alt=\"\ud83d\udc69\u200d\ud83c\udf73\" src=\"https:\/\/s.w.org\/images\/core\/emoji\/15.0.3\/svg\/1f469-200d-1f373.svg\" > Cuisiner avec les Jeunes&nbsp;: L\u2019Atelier Cr\u00e9atif&nbsp;: Animez un atelier pratique pour d\u00e9couvrir comment impliquer les jeunes dans la cuisine de mani\u00e8re ludique et cr\u00e9ative.\n<br ><br ><img decoding=\"async\" draggable=\"false\" role=\"img\" class=\"emoji\" alt=\"\ud83c\udf0d\" src=\"https:\/\/s.w.org\/images\/core\/emoji\/15.0.3\/svg\/1f30d.svg\" > Construire un Avenir Alimentaire Durable&nbsp;: D\u00e9veloppez un parcours p\u00e9dagogique pour aborder les enjeux de l\u2019alimentation durable et cr\u00e9ez un plan d\u2019action coh\u00e9rent pour votre \u00e9quipe \u00e9ducative.<\/p>  <\/div> <\/div> <\/div><\/div><div data-label=\"propsitions suite\" data-id=\"stripped-coloured-icon-boxes\" data-category=\"overlapable\" class=\"features-coloured-icon-boxes-section stripped-coloured-icon-boxes\" data-overlap=\"true\" id=\"propsitions-suite\"  style=\"background-color: rgb(255, 255, 255);\"> <div class=\"gridContainer\" > <div class=\"features-coloured-icon-boxes-innerrow flexbox-list dark-text\" data-type=\"row\" > <div class=\"features-coloured-icon-boxes-featurecol cp3cols\" >  <h4 class=\"\" >Spectacles<\/h4> <p class=\"\" >D\u00e9couvrez nos spectacles \u00ab\u00a0Partage et Autonomie\u00a0\u00bb et \u00ab\u00a0Retour Vers le NoFutur\u00a0\u00bb.\nCes interventions uniques allient humour et r\u00e9flexion\n<br ><br >Pour explorer les th\u00e8mes de l&rsquo;autonomie alimentaire et des d\u00e9fis environnementaux, \u00ab\u00a0Partage et Autonomie\u00a0\u00bb vous plonge dans l&rsquo;importance de la solidarit\u00e9 et de l&rsquo;autonomie face aux enjeux sociaux et environnementaux\n<br ><br > Pour un public plus averti, \u00ab\u00a0Retour Vers le NoFutur\u00a0\u00bb vous invite \u00e0 explorer des pistes pour retrouver la puissance d\u2019agir collectivement.\n<\/p>  <a class=\"button blue\" href=\"https:\/\/asso-catalyse.fr\/index.php\/la-conference-gesticulee\" target=\"_self\" rel=\"noopener\">en savoir plus<\/a><\/div> <div class=\"features-coloured-icon-boxes-featurecol cp3cols\" >  <h4 class=\"\" >Le Guide de l\u2019Autonomie \u00c9cologique<\/h4> <p class=\"\" >Nous avons r\u00e9dig\u00e9 un petit guide pour d\u00e9couvrir des actions que vous pouvez r\u00e9aliser chez vous pour \u00eatre plus autonomes aux niveaux alimentaires, \u00e9nerg\u00e9tiques, construction, etc.<\/p>  <a class=\"button blue\" href=\"https:\/\/asso-catalyse.fr\/index.php\/2019\/04\/01\/le-guide-de-lautonomie-ecologique\" target=\"_self\" rel=\"noopener\">En savoir plus<\/a><\/div> <div class=\"features-coloured-icon-boxes-featurecol cp3cols\" >  <h4 class=\"\" ><\/h4>   <p  class=\"\"><\/p><\/div> <div class=\"features-coloured-icon-boxes-featurecol cp3cols\" >  <h4 class=\"\" ><\/h4> <p class=\"\" ><\/p>  <\/div> <\/div> <\/div><\/div><div  id=\"latest-posts\" class=\"blog-section\" style=\"background-color: #ffffff;\" data-label=\"Latest posts\" data-id=\"blog-section\" data-category=\"latest_news\">\n<div  class=\"gridContainer\">\n<div  class=\"blog-textrow\">\n<div  class=\"blog-textcol dynamic-color\" data-type=\"column\">\n<h2  class=\"\">Derni\u00e8res infos<\/h2>\n<\/div>\n<\/div>\n<div  class=\"blog-postsrow dark-text\" data-type=\"row\" data-dynamic-columns=\"one_page_express_latest_news_columns\" data-content-shortcode=\"one_page_express_latest_news\">\t\t\t<div id=\"post-1125\" class=\"blog-postcol cp4cols\">\n\t\t\t<div class=\"post-content\">\n\t\t\t\t\t\t\t\t<div class=\"row_345\">\n\t\t\t\t\t<h3 class=\"blog-title\">\n\t\t\t\t\t\t<a href=\"https:\/\/asso-catalyse.fr\/index.php\/2024\/10\/17\/fresque-de-la-renaissance-ecologique-journee-ese-26-07-2024\/\" rel=\"bookmark\">\n\t\t\t\t\t\t\tFresque de la Renaissance \u00c9cologique journ\u00e9e ESE 26-07 2024\t\t\t\t\t\t<\/a>\n\t\t\t\t\t<\/h3>\n\t\t\t\t\t<p>Lors de la journ\u00e9e des professionnel\u00b7les de l\u2019\u00c9ducation Sant\u00e9-Environnement Dr\u00f4me-Ard\u00e8che le 15\/10\/2024, sur le th\u00e8me Sant\u00e9 mentale et environnement, Catalyse a anim\u00e9 la Fresque de la Renaissance \u00c9cologique pour partager[&hellip;]<\/p>\n\t\t\t\t\t<a class=\"button blue small\" href=\"https:\/\/asso-catalyse.fr\/index.php\/2024\/10\/17\/fresque-de-la-renaissance-ecologique-journee-ese-26-07-2024\/\">\n\t\t\t\t\t\t<span data-theme=\"one_page_express_latest_news_read_more\">Read more<\/span>\n\t\t\t\t\t<\/a>\n\t\t\t\t\t<hr class=\"blog-separator\">\n<div class=\"post-header\">\n    <i class=\"font-icon-post fa fa-user\"><\/i>\n    <a href=\"https:\/\/asso-catalyse.fr\/index.php\/author\/catalyse\/\" title=\"Articles par Catalyse\" rel=\"author\">Catalyse<\/a>    <i class=\"font-icon-post fa fa-calendar\"><\/i>\n    <span class=\"span12\">17 octobre 2024<\/span>\n\n    <i class=\"font-icon-post fa fa-comment-o\"><\/i>\n    <span>0<\/span>\n<\/div>\t\t\t\t<\/div>\n\t\t\t<\/div>\n\t\t<\/div>\n\t\t\t\t<div id=\"post-281\" class=\"blog-postcol cp4cols\">\n\t\t\t<div class=\"post-content\">\n\t\t\t\t\t\t\t\t<div class=\"row_345\">\n\t\t\t\t\t<h3 class=\"blog-title\">\n\t\t\t\t\t\t<a href=\"https:\/\/asso-catalyse.fr\/index.php\/2019\/04\/01\/le-guide-de-lautonomie-ecologique\/\" rel=\"bookmark\">\n\t\t\t\t\t\t\tLe guide de l&rsquo;autonomie \u00e9cologique\t\t\t\t\t\t<\/a>\n\t\t\t\t\t<\/h3>\n\t\t\t\t\t<p>Le guide de l&rsquo;autonomie \u00e9cologique, propos\u00e9 par Catalyse, vise \u00e0 vous sensibiliser et vous&nbsp; informer sur l\u2019autonomie. Celle-ci peut s&rsquo;appliquer dans des domaines vastes et vari\u00e9s&nbsp;: ressources, habitat, \u00e9nergie, alimentation[&hellip;]<\/p>\n\t\t\t\t\t<a class=\"button blue small\" href=\"https:\/\/asso-catalyse.fr\/index.php\/2019\/04\/01\/le-guide-de-lautonomie-ecologique\/\">\n\t\t\t\t\t\t<span data-theme=\"one_page_express_latest_news_read_more\">Read more<\/span>\n\t\t\t\t\t<\/a>\n\t\t\t\t\t<hr class=\"blog-separator\">\n<div class=\"post-header\">\n    <i class=\"font-icon-post fa fa-user\"><\/i>\n    <a href=\"https:\/\/asso-catalyse.fr\/index.php\/author\/catalyse\/\" title=\"Articles par Catalyse\" rel=\"author\">Catalyse<\/a>    <i class=\"font-icon-post fa fa-calendar\"><\/i>\n    <span class=\"span12\">1 avril 2019<\/span>\n\n    <i class=\"font-icon-post fa fa-comment-o\"><\/i>\n    <span>0<\/span>\n<\/div>\t\t\t\t<\/div>\n\t\t\t<\/div>\n\t\t<\/div>\n\t\t\t\t<div id=\"post-243\" class=\"blog-postcol cp4cols\">\n\t\t\t<div class=\"post-content\">\n\t\t\t\t\t\t\t\t\t<a class=\"post-list-item-thumb\" href=\"https:\/\/asso-catalyse.fr\/index.php\/2018\/12\/14\/conference-gesticulee\/\">\n\t\t\t\t\t\t<img loading=\"lazy\" decoding=\"async\" width=\"923\" height=\"381\" src=\"https:\/\/asso-catalyse.fr\/wp-content\/uploads\/2018\/12\/retour-no-futur-bandeau.jpeg\" class=\"attachment-post-thumbnail size-post-thumbnail wp-post-image\" alt=\"\" srcset=\"https:\/\/asso-catalyse.fr\/wp-content\/uploads\/2018\/12\/retour-no-futur-bandeau.jpeg 923w, https:\/\/asso-catalyse.fr\/wp-content\/uploads\/2018\/12\/retour-no-futur-bandeau-300x124.jpeg 300w, https:\/\/asso-catalyse.fr\/wp-content\/uploads\/2018\/12\/retour-no-futur-bandeau-768x317.jpeg 768w\" sizes=\"(max-width: 923px) 100vw, 923px\" \/>\t\t\t\t\t<\/a>\n\t\t\t\t\t\t\t\t<div class=\"row_345\">\n\t\t\t\t\t<h3 class=\"blog-title\">\n\t\t\t\t\t\t<a href=\"https:\/\/asso-catalyse.fr\/index.php\/2018\/12\/14\/conference-gesticulee\/\" rel=\"bookmark\">\n\t\t\t\t\t\t\tConf\u00e9rence gesticul\u00e9e: \u00ab\u00a0Retour vers le NoFutur\u00a0\u00bb\t\t\t\t\t\t<\/a>\n\t\t\t\t\t<\/h3>\n\t\t\t\t\t<p>Les prochaines dates de la conf\u00e9rence gesticul\u00e9e Retour Vers Le NoFutur: 29\/01\/20 &#8211; 20:00 \/ St Julien Molin-Molette (42) &#8211; La Passerelle, 1 mont\u00e9e des Fabriqu\u00e9s \/ prix libre30\/01\/20 &#8211;[&hellip;]<\/p>\n\t\t\t\t\t<a class=\"button blue small\" href=\"https:\/\/asso-catalyse.fr\/index.php\/2018\/12\/14\/conference-gesticulee\/\">\n\t\t\t\t\t\t<span data-theme=\"one_page_express_latest_news_read_more\">Read more<\/span>\n\t\t\t\t\t<\/a>\n\t\t\t\t\t<hr class=\"blog-separator\">\n<div class=\"post-header\">\n    <i class=\"font-icon-post fa fa-user\"><\/i>\n    <a href=\"https:\/\/asso-catalyse.fr\/index.php\/author\/catalyse\/\" title=\"Articles par Catalyse\" rel=\"author\">Catalyse<\/a>    <i class=\"font-icon-post fa fa-calendar\"><\/i>\n    <span class=\"span12\">14 d\u00e9cembre 2018<\/span>\n\n    <i class=\"font-icon-post fa fa-comment-o\"><\/i>\n    <span>0<\/span>\n<\/div>\t\t\t\t<\/div>\n\t\t\t<\/div>\n\t\t<\/div>\n\t\t<\/div>\n<div  class=\"blog-textcol\"><a  class=\"button blue\" href=\"https:\/\/asso-catalyse.fr\/index.php\/blog\/\" data-attr-shortcode=\"href:one_page_express_blog_link\">SEE ALL BLOG POSTS<\/a><\/div>\n<\/div>\n<\/div>","protected":false},"excerpt":{"rendered":"<p>Les activit\u00e9s que nous proposons Bienvenue sur notre page d\u00e9di\u00e9e aux ateliers et animations&nbsp;! Chez nous, l\u2019\u00e9ducation populaire est au c\u0153ur de nos actions. Nous cherchons \u00e0 donner \u00e0 chacun le pouvoir d\u2019agir pour une alimentation durable. D\u00e9couvrez nos activit\u00e9s vari\u00e9es qui m\u00ealent plaisir, apprentissage et engagement. Que vous soyez int\u00e9ress\u00e9 par des ateliers cuisine,&hellip; <br \/> <a class=\"button small blue\" href=\"https:\/\/asso-catalyse.fr\/index.php\/2018\/12\/14\/conference-gesticulee\/\">Lire la suite<\/a><\/p>\n","protected":false},"author":1,"featured_media":0,"parent":0,"menu_order":0,"comment_status":"closed","ping_status":"closed","template":"","meta":{"footnotes":""},"class_list":["post-1128","page","type-page","status-publish","hentry"],"featured_image_urls_v2":{"full":"","thumbnail":"","medium":"","medium_large":"","large":"","1536x1536":"","2048x2048":"","post-thumbnail":"","one-page-express-full-hd":""},"post_excerpt_stackable_v2":"<p>Les activit\u00e9s que nous proposons Bienvenue sur notre page d\u00e9di\u00e9e aux ateliers et animations&nbsp;! Chez nous, l\u2019\u00e9ducation populaire est au c\u0153ur de nos actions. Nous cherchons \u00e0 donner \u00e0 chacun le pouvoir d\u2019agir pour une alimentation durable. D\u00e9couvrez nos activit\u00e9s vari\u00e9es qui m\u00ealent plaisir, apprentissage et engagement. Que vous soyez int\u00e9ress\u00e9 par des ateliers cuisine, des jeux, des spectacles, de la r\u00e9flexion ou de la formation, nous avons quelque chose pour vous.Parcourez nos propositions ci-dessous pour quelques exemples inspirants, mais n\u2019oubliez pas&nbsp;: cette liste n&rsquo;est pas exhaustive. Chaque projet est unique, et nous sommes l\u00e0 pour co-cr\u00e9er avec vous des\u2026<\/p>\n","category_list_v2":"","author_info_v2":{"name":"Catalyse","url":"https:\/\/asso-catalyse.fr\/index.php\/author\/catalyse\/"},"comments_num_v2":"0 commentaire","yoast_head":"<!-- This site is optimized with the Yoast SEO plugin v25.6 - https:\/\/yoast.com\/wordpress\/plugins\/seo\/ -->\n<title>Front Page &#8902; Association Catalyse<\/title>\n<meta name=\"robots\" content=\"index, follow, max-snippet:-1, max-image-preview:large, max-video-preview:-1\" \/>\n<link rel=\"canonical\" href=\"https:\/\/asso-catalyse.fr\/\" \/>\n<meta property=\"og:locale\" content=\"fr_FR\" \/>\n<meta property=\"og:type\" content=\"article\" \/>\n<meta property=\"og:title\" content=\"Front Page &#8902; Association Catalyse\" \/>\n<meta property=\"og:description\" content=\"Les activit\u00e9s que nous proposons Bienvenue sur notre page d\u00e9di\u00e9e aux ateliers et animations&nbsp;! Chez nous, l\u2019\u00e9ducation populaire est au c\u0153ur de nos actions. Nous cherchons \u00e0 donner \u00e0 chacun le pouvoir d\u2019agir pour une alimentation durable. D\u00e9couvrez nos activit\u00e9s vari\u00e9es qui m\u00ealent plaisir, apprentissage et engagement. Que vous soyez int\u00e9ress\u00e9 par des ateliers cuisine,&hellip; Lire la suite\" \/>\n<meta property=\"og:url\" content=\"https:\/\/asso-catalyse.fr\/\" \/>\n<meta property=\"og:site_name\" content=\"Association Catalyse\" \/>\n<meta property=\"article:modified_time\" content=\"2024-11-01T14:09:06+00:00\" \/>\n<meta property=\"og:image\" content=\"https:\/\/s.w.org\/images\/core\/emoji\/15.0.3\/svg\/1f37d.svg\" \/>\n<meta name=\"twitter:card\" content=\"summary_large_image\" \/>\n<meta name=\"twitter:label1\" content=\"Dur\u00e9e de lecture estim\u00e9e\" \/>\n\t<meta name=\"twitter:data1\" content=\"5 minutes\" \/>\n<script type=\"application\/ld+json\" class=\"yoast-schema-graph\">{\"@context\":\"https:\/\/schema.org\",\"@graph\":[{\"@type\":\"WebPage\",\"@id\":\"https:\/\/asso-catalyse.fr\/\",\"url\":\"https:\/\/asso-catalyse.fr\/\",\"name\":\"Front Page &#8902; Association Catalyse\",\"isPartOf\":{\"@id\":\"https:\/\/asso-catalyse.fr\/#website\"},\"primaryImageOfPage\":{\"@id\":\"https:\/\/asso-catalyse.fr\/#primaryimage\"},\"image\":{\"@id\":\"https:\/\/asso-catalyse.fr\/#primaryimage\"},\"thumbnailUrl\":\"https:\/\/s.w.org\/images\/core\/emoji\/15.0.3\/svg\/1f37d.svg\",\"datePublished\":\"2024-11-01T12:25:18+00:00\",\"dateModified\":\"2024-11-01T14:09:06+00:00\",\"breadcrumb\":{\"@id\":\"https:\/\/asso-catalyse.fr\/#breadcrumb\"},\"inLanguage\":\"fr-FR\",\"potentialAction\":[{\"@type\":\"ReadAction\",\"target\":[\"https:\/\/asso-catalyse.fr\/\"]}]},{\"@type\":\"ImageObject\",\"inLanguage\":\"fr-FR\",\"@id\":\"https:\/\/asso-catalyse.fr\/#primaryimage\",\"url\":\"https:\/\/s.w.org\/images\/core\/emoji\/15.0.3\/svg\/1f37d.svg\",\"contentUrl\":\"https:\/\/s.w.org\/images\/core\/emoji\/15.0.3\/svg\/1f37d.svg\"},{\"@type\":\"BreadcrumbList\",\"@id\":\"https:\/\/asso-catalyse.fr\/#breadcrumb\",\"itemListElement\":[{\"@type\":\"ListItem\",\"position\":1,\"name\":\"Accueil\",\"item\":\"https:\/\/asso-catalyse.fr\/\"},{\"@type\":\"ListItem\",\"position\":2,\"name\":\"Front Page\"}]},{\"@type\":\"WebSite\",\"@id\":\"https:\/\/asso-catalyse.fr\/#website\",\"url\":\"https:\/\/asso-catalyse.fr\/\",\"name\":\"Association Catalyse\",\"description\":\"Autonomie \u00e9nerg\u00e9tique pour le milieu rural\",\"potentialAction\":[{\"@type\":\"SearchAction\",\"target\":{\"@type\":\"EntryPoint\",\"urlTemplate\":\"https:\/\/asso-catalyse.fr\/?s={search_term_string}\"},\"query-input\":{\"@type\":\"PropertyValueSpecification\",\"valueRequired\":true,\"valueName\":\"search_term_string\"}}],\"inLanguage\":\"fr-FR\"}]}<\/script>\n<!-- \/ Yoast SEO plugin. -->","yoast_head_json":{"title":"Front Page &#8902; Association Catalyse","robots":{"index":"index","follow":"follow","max-snippet":"max-snippet:-1","max-image-preview":"max-image-preview:large","max-video-preview":"max-video-preview:-1"},"canonical":"https:\/\/asso-catalyse.fr\/","og_locale":"fr_FR","og_type":"article","og_title":"Front Page &#8902; Association Catalyse","og_description":"Les activit\u00e9s que nous proposons Bienvenue sur notre page d\u00e9di\u00e9e aux ateliers et animations&nbsp;! Chez nous, l\u2019\u00e9ducation populaire est au c\u0153ur de nos actions. Nous cherchons \u00e0 donner \u00e0 chacun le pouvoir d\u2019agir pour une alimentation durable. D\u00e9couvrez nos activit\u00e9s vari\u00e9es qui m\u00ealent plaisir, apprentissage et engagement. Que vous soyez int\u00e9ress\u00e9 par des ateliers cuisine,&hellip; Lire la suite","og_url":"https:\/\/asso-catalyse.fr\/","og_site_name":"Association Catalyse","article_modified_time":"2024-11-01T14:09:06+00:00","og_image":[{"url":"https:\/\/s.w.org\/images\/core\/emoji\/15.0.3\/svg\/1f37d.svg","type":"","width":"","height":""}],"twitter_card":"summary_large_image","twitter_misc":{"Dur\u00e9e de lecture estim\u00e9e":"5 minutes"},"schema":{"@context":"https:\/\/schema.org","@graph":[{"@type":"WebPage","@id":"https:\/\/asso-catalyse.fr\/","url":"https:\/\/asso-catalyse.fr\/","name":"Front Page &#8902; Association Catalyse","isPartOf":{"@id":"https:\/\/asso-catalyse.fr\/#website"},"primaryImageOfPage":{"@id":"https:\/\/asso-catalyse.fr\/#primaryimage"},"image":{"@id":"https:\/\/asso-catalyse.fr\/#primaryimage"},"thumbnailUrl":"https:\/\/s.w.org\/images\/core\/emoji\/15.0.3\/svg\/1f37d.svg","datePublished":"2024-11-01T12:25:18+00:00","dateModified":"2024-11-01T14:09:06+00:00","breadcrumb":{"@id":"https:\/\/asso-catalyse.fr\/#breadcrumb"},"inLanguage":"fr-FR","potentialAction":[{"@type":"ReadAction","target":["https:\/\/asso-catalyse.fr\/"]}]},{"@type":"ImageObject","inLanguage":"fr-FR","@id":"https:\/\/asso-catalyse.fr\/#primaryimage","url":"https:\/\/s.w.org\/images\/core\/emoji\/15.0.3\/svg\/1f37d.svg","contentUrl":"https:\/\/s.w.org\/images\/core\/emoji\/15.0.3\/svg\/1f37d.svg"},{"@type":"BreadcrumbList","@id":"https:\/\/asso-catalyse.fr\/#breadcrumb","itemListElement":[{"@type":"ListItem","position":1,"name":"Accueil","item":"https:\/\/asso-catalyse.fr\/"},{"@type":"ListItem","position":2,"name":"Front Page"}]},{"@type":"WebSite","@id":"https:\/\/asso-catalyse.fr\/#website","url":"https:\/\/asso-catalyse.fr\/","name":"Association Catalyse","description":"Autonomie \u00e9nerg\u00e9tique pour le milieu rural","potentialAction":[{"@type":"SearchAction","target":{"@type":"EntryPoint","urlTemplate":"https:\/\/asso-catalyse.fr\/?s={search_term_string}"},"query-input":{"@type":"PropertyValueSpecification","valueRequired":true,"valueName":"search_term_string"}}],"inLanguage":"fr-FR"}]}},"_links":{"self":[{"href":"https:\/\/asso-catalyse.fr\/index.php\/wp-json\/wp\/v2\/pages\/1128"}],"collection":[{"href":"https:\/\/asso-catalyse.fr\/index.php\/wp-json\/wp\/v2\/pages"}],"about":[{"href":"https:\/\/asso-catalyse.fr\/index.php\/wp-json\/wp\/v2\/types\/page"}],"author":[{"embeddable":true,"href":"https:\/\/asso-catalyse.fr\/index.php\/wp-json\/wp\/v2\/users\/1"}],"replies":[{"embeddable":true,"href":"https:\/\/asso-catalyse.fr\/index.php\/wp-json\/wp\/v2\/comments?post=1128"}],"version-history":[{"count":12,"href":"https:\/\/asso-catalyse.fr\/index.php\/wp-json\/wp\/v2\/pages\/1128\/revisions"}],"predecessor-version":[{"id":1162,"href":"https:\/\/asso-catalyse.fr\/index.php\/wp-json\/wp\/v2\/pages\/1128\/revisions\/1162"}],"wp:attachment":[{"href":"https:\/\/asso-catalyse.fr\/index.php\/wp-json\/wp\/v2\/media?parent=1128"}],"curies":[{"name":"wp","href":"https:\/\/api.w.org\/{rel}","templated":true}]}}