{"id":205,"date":"2018-07-12T13:46:11","date_gmt":"2018-07-12T11:46:11","guid":{"rendered":"http:\/\/asso-catalyse.fr\/?page_id=205"},"modified":"2020-08-03T14:11:49","modified_gmt":"2020-08-03T12:11:49","slug":"liens","status":"publish","type":"page","link":"https:\/\/asso-catalyse.fr\/index.php\/liens\/","title":{"rendered":"Liens"},"content":{"rendered":"<h1>Collaborateur\u00b7ices&nbsp;:<\/h1>\n<ul>\n<li><a href=\"http:\/\/www.feufollet.org\">Feu Follet<\/a><\/li>\n<li><a href=\"http:\/\/lagrandegraine.fr\">La Grande Graine<\/a><\/li>\n<li><a href=\"http:\/\/oasis-alegria.net\">Oasis Alegria<\/a><\/li>\n<li><a href=\"http:\/\/vatelier.fr\">Valence Atelier Libre<\/a><\/li>\n<li><a href=\"http:\/\/lowtechlab.org\">Low Tech Lab<\/a><\/li>\n<li><a href=\"https:\/\/atelierduzephyr.org\">L&rsquo;Atelier du Z\u00e9phyr<\/a><\/li>\n<\/ul>\n<h1>B\u00e9n\u00e9ficiaires de nos actions&nbsp;:<\/h1>\n<ul>\n<li><a href=\"https:\/\/www.sourcemem.org\">Oasis de Cintenat \/ Association M\u00e9m<\/a><\/li>\n<li><a href=\"http:\/\/oasis-alegria.net\">Oasis Alegria<\/a><\/li>\n<li><a href=\"https:\/\/marmityourself.wordpress.com\">Marm&rsquo;it Yourself<\/a><\/li>\n<li><a href=\"https:\/\/www.tripalium.org\">Tripalium<\/a><\/li>\n<li><a href=\"https:\/\/alternatiba.eu\">Alternatiba<\/a><\/li>\n<li><a href=\"http:\/\/www.associationdeviation.fr\">D\u00e9viation<\/a><\/li>\n<li><a href=\"https:\/\/www.hyeres.agricampus.educagri.fr\/formation-adultes\">CFPPA de Hy\u00e8res<\/a><\/li>\n<li><a href=\"https:\/\/www.jeminstallepaysan.org\/savoie\">ADDEAR Savoie<\/a><\/li>\n<\/ul>\n<h1>\u00c9v\u00e9nements auxquels nous participons&nbsp;:<\/h1>\n<ul>\n<li><a href=\"https:\/\/alternatiba.eu\">Tour \u00e0 \u00c9nergie Positive<\/a><\/li>\n<li><a href=\"http:\/\/www.associationdeviation.fr\">Rencontre Entre Les Mondes<\/a><\/li>\n<li><a href=\"http:\/\/www.les-itinerrances-des-poissons-rouges.fr\">Les Itin\u00e9rances Des Poissons Rouges<\/a><\/li>\n<li><a href=\"https:\/\/fr-fr.facebook.com\/collectiftipi\">Festival d&rsquo;Aurillac, Collectif TIPI<\/a><\/li>\n<li><a href=\"https:\/\/festivaldesautonomies.weebly.com\">Festival des Petites et Grandes Autonomies<\/a><\/li>\n<\/ul>\n<h1>Nous ont aider \u00e0 r\u00e9aliser ce site&nbsp;:<\/h1>\n<ul>\n<li><a href=\"https:\/\/www.monsieur-m.fr\">Monsieur M<\/a><\/li>\n<li><a href=\"https:\/\/www.netnco.net\/\">Netnco<\/a><\/li>\n<\/ul>\n\n\n<p><\/p>\n","protected":false},"excerpt":{"rendered":"<p>Collaborateur\u00b7ices&nbsp;: Feu Follet La Grande Graine Oasis Alegria Valence Atelier Libre Low Tech Lab L&rsquo;Atelier du Z\u00e9phyr B\u00e9n\u00e9ficiaires de nos actions&nbsp;: Oasis de Cintenat \/ Association M\u00e9m Oasis Alegria Marm&rsquo;it Yourself Tripalium Alternatiba D\u00e9viation CFPPA de Hy\u00e8res ADDEAR Savoie \u00c9v\u00e9nements auxquels nous participons&nbsp;: Tour \u00e0 \u00c9nergie Positive Rencontre Entre Les Mondes Les Itin\u00e9rances Des Poissons&hellip; <br \/> <a class=\"button small blue\" href=\"https:\/\/asso-catalyse.fr\/index.php\/liens\/\">Lire la suite<\/a><\/p>\n","protected":false},"author":1,"featured_media":0,"parent":0,"menu_order":0,"comment_status":"closed","ping_status":"closed","template":"","meta":{"footnotes":""},"class_list":["post-205","page","type-page","status-publish","hentry"],"featured_image_urls_v2":{"full":"","thumbnail":"","medium":"","medium_large":"","large":"","1536x1536":"","2048x2048":"","post-thumbnail":"","one-page-express-full-hd":""},"post_excerpt_stackable_v2":"<p>Collaborateur\u00b7ices&nbsp;: Feu Follet La Grande Graine Oasis Alegria Valence Atelier Libre Low Tech Lab L&rsquo;Atelier du Z\u00e9phyr B\u00e9n\u00e9ficiaires de nos actions&nbsp;: Oasis de Cintenat \/ Association M\u00e9m Oasis Alegria Marm&rsquo;it Yourself Tripalium Alternatiba D\u00e9viation CFPPA de Hy\u00e8res ADDEAR Savoie \u00c9v\u00e9nements auxquels nous participons&nbsp;: Tour \u00e0 \u00c9nergie Positive Rencontre Entre Les Mondes Les Itin\u00e9rances Des Poissons Rouges Festival d&rsquo;Aurillac, Collectif TIPI Festival des Petites et Grandes Autonomies Nous ont aider \u00e0 r\u00e9aliser ce site&nbsp;: Monsieur M Netnco<\/p>\n","category_list_v2":"","author_info_v2":{"name":"Catalyse","url":"https:\/\/asso-catalyse.fr\/index.php\/author\/catalyse\/"},"comments_num_v2":"0 commentaire","yoast_head":"<!-- This site is optimized with the Yoast SEO plugin v25.6 - https:\/\/yoast.com\/wordpress\/plugins\/seo\/ -->\n<title>Liens &#8902; Association Catalyse<\/title>\n<meta name=\"robots\" content=\"index, follow, max-snippet:-1, max-image-preview:large, max-video-preview:-1\" \/>\n<link rel=\"canonical\" href=\"https:\/\/asso-catalyse.fr\/index.php\/accueil__trashed\/liens\/\" \/>\n<meta property=\"og:locale\" content=\"fr_FR\" \/>\n<meta property=\"og:type\" content=\"article\" \/>\n<meta property=\"og:title\" content=\"Liens &#8902; Association Catalyse\" \/>\n<meta property=\"og:description\" content=\"Collaborateur\u00b7ices&nbsp;: Feu Follet La Grande Graine Oasis Alegria Valence Atelier Libre Low Tech Lab L&rsquo;Atelier du Z\u00e9phyr B\u00e9n\u00e9ficiaires de nos actions&nbsp;: Oasis de Cintenat \/ Association M\u00e9m Oasis Alegria Marm&rsquo;it Yourself Tripalium Alternatiba D\u00e9viation CFPPA de Hy\u00e8res ADDEAR Savoie \u00c9v\u00e9nements auxquels nous participons&nbsp;: Tour \u00e0 \u00c9nergie Positive Rencontre Entre Les Mondes Les Itin\u00e9rances Des Poissons&hellip; Lire la suite\" \/>\n<meta property=\"og:url\" content=\"https:\/\/asso-catalyse.fr\/index.php\/accueil__trashed\/liens\/\" \/>\n<meta property=\"og:site_name\" content=\"Association Catalyse\" \/>\n<meta property=\"article:modified_time\" content=\"2020-08-03T12:11:49+00:00\" \/>\n<meta name=\"twitter:card\" content=\"summary_large_image\" \/>\n<script type=\"application\/ld+json\" class=\"yoast-schema-graph\">{\"@context\":\"https:\/\/schema.org\",\"@graph\":[{\"@type\":\"WebPage\",\"@id\":\"https:\/\/asso-catalyse.fr\/index.php\/accueil__trashed\/liens\/\",\"url\":\"https:\/\/asso-catalyse.fr\/index.php\/accueil__trashed\/liens\/\",\"name\":\"Liens &#8902; Association Catalyse\",\"isPartOf\":{\"@id\":\"https:\/\/asso-catalyse.fr\/#website\"},\"datePublished\":\"2018-07-12T11:46:11+00:00\",\"dateModified\":\"2020-08-03T12:11:49+00:00\",\"breadcrumb\":{\"@id\":\"https:\/\/asso-catalyse.fr\/index.php\/accueil__trashed\/liens\/#breadcrumb\"},\"inLanguage\":\"fr-FR\",\"potentialAction\":[{\"@type\":\"ReadAction\",\"target\":[\"https:\/\/asso-catalyse.fr\/index.php\/accueil__trashed\/liens\/\"]}]},{\"@type\":\"BreadcrumbList\",\"@id\":\"https:\/\/asso-catalyse.fr\/index.php\/accueil__trashed\/liens\/#breadcrumb\",\"itemListElement\":[{\"@type\":\"ListItem\",\"position\":1,\"name\":\"Accueil\",\"item\":\"https:\/\/asso-catalyse.fr\/\"},{\"@type\":\"ListItem\",\"position\":2,\"name\":\"Liens\"}]},{\"@type\":\"WebSite\",\"@id\":\"https:\/\/asso-catalyse.fr\/#website\",\"url\":\"https:\/\/asso-catalyse.fr\/\",\"name\":\"Association Catalyse\",\"description\":\"Autonomie \u00e9nerg\u00e9tique pour le milieu rural\",\"potentialAction\":[{\"@type\":\"SearchAction\",\"target\":{\"@type\":\"EntryPoint\",\"urlTemplate\":\"https:\/\/asso-catalyse.fr\/?s={search_term_string}\"},\"query-input\":{\"@type\":\"PropertyValueSpecification\",\"valueRequired\":true,\"valueName\":\"search_term_string\"}}],\"inLanguage\":\"fr-FR\"}]}<\/script>\n<!-- \/ Yoast SEO plugin. -->","yoast_head_json":{"title":"Liens &#8902; Association Catalyse","robots":{"index":"index","follow":"follow","max-snippet":"max-snippet:-1","max-image-preview":"max-image-preview:large","max-video-preview":"max-video-preview:-1"},"canonical":"https:\/\/asso-catalyse.fr\/index.php\/accueil__trashed\/liens\/","og_locale":"fr_FR","og_type":"article","og_title":"Liens &#8902; Association Catalyse","og_description":"Collaborateur\u00b7ices&nbsp;: Feu Follet La Grande Graine Oasis Alegria Valence Atelier Libre Low Tech Lab L&rsquo;Atelier du Z\u00e9phyr B\u00e9n\u00e9ficiaires de nos actions&nbsp;: Oasis de Cintenat \/ Association M\u00e9m Oasis Alegria Marm&rsquo;it Yourself Tripalium Alternatiba D\u00e9viation CFPPA de Hy\u00e8res ADDEAR Savoie \u00c9v\u00e9nements auxquels nous participons&nbsp;: Tour \u00e0 \u00c9nergie Positive Rencontre Entre Les Mondes Les Itin\u00e9rances Des Poissons&hellip; Lire la suite","og_url":"https:\/\/asso-catalyse.fr\/index.php\/accueil__trashed\/liens\/","og_site_name":"Association Catalyse","article_modified_time":"2020-08-03T12:11:49+00:00","twitter_card":"summary_large_image","schema":{"@context":"https:\/\/schema.org","@graph":[{"@type":"WebPage","@id":"https:\/\/asso-catalyse.fr\/index.php\/accueil__trashed\/liens\/","url":"https:\/\/asso-catalyse.fr\/index.php\/accueil__trashed\/liens\/","name":"Liens &#8902; Association Catalyse","isPartOf":{"@id":"https:\/\/asso-catalyse.fr\/#website"},"datePublished":"2018-07-12T11:46:11+00:00","dateModified":"2020-08-03T12:11:49+00:00","breadcrumb":{"@id":"https:\/\/asso-catalyse.fr\/index.php\/accueil__trashed\/liens\/#breadcrumb"},"inLanguage":"fr-FR","potentialAction":[{"@type":"ReadAction","target":["https:\/\/asso-catalyse.fr\/index.php\/accueil__trashed\/liens\/"]}]},{"@type":"BreadcrumbList","@id":"https:\/\/asso-catalyse.fr\/index.php\/accueil__trashed\/liens\/#breadcrumb","itemListElement":[{"@type":"ListItem","position":1,"name":"Accueil","item":"https:\/\/asso-catalyse.fr\/"},{"@type":"ListItem","position":2,"name":"Liens"}]},{"@type":"WebSite","@id":"https:\/\/asso-catalyse.fr\/#website","url":"https:\/\/asso-catalyse.fr\/","name":"Association Catalyse","description":"Autonomie \u00e9nerg\u00e9tique pour le milieu rural","potentialAction":[{"@type":"SearchAction","target":{"@type":"EntryPoint","urlTemplate":"https:\/\/asso-catalyse.fr\/?s={search_term_string}"},"query-input":{"@type":"PropertyValueSpecification","valueRequired":true,"valueName":"search_term_string"}}],"inLanguage":"fr-FR"}]}},"_links":{"self":[{"href":"https:\/\/asso-catalyse.fr\/index.php\/wp-json\/wp\/v2\/pages\/205"}],"collection":[{"href":"https:\/\/asso-catalyse.fr\/index.php\/wp-json\/wp\/v2\/pages"}],"about":[{"href":"https:\/\/asso-catalyse.fr\/index.php\/wp-json\/wp\/v2\/types\/page"}],"author":[{"embeddable":true,"href":"https:\/\/asso-catalyse.fr\/index.php\/wp-json\/wp\/v2\/users\/1"}],"replies":[{"embeddable":true,"href":"https:\/\/asso-catalyse.fr\/index.php\/wp-json\/wp\/v2\/comments?post=205"}],"version-history":[{"count":6,"href":"https:\/\/asso-catalyse.fr\/index.php\/wp-json\/wp\/v2\/pages\/205\/revisions"}],"predecessor-version":[{"id":1115,"href":"https:\/\/asso-catalyse.fr\/index.php\/wp-json\/wp\/v2\/pages\/205\/revisions\/1115"}],"wp:attachment":[{"href":"https:\/\/asso-catalyse.fr\/index.php\/wp-json\/wp\/v2\/media?parent=205"}],"curies":[{"name":"wp","href":"https:\/\/api.w.org\/{rel}","templated":true}]}}