{"id":376,"date":"2020-05-05T14:31:27","date_gmt":"2020-05-05T12:31:27","guid":{"rendered":"http:\/\/asso-catalyse.fr\/?page_id=376"},"modified":"2020-08-03T13:33:59","modified_gmt":"2020-08-03T11:33:59","slug":"soutenir-catalyse","status":"publish","type":"page","link":"https:\/\/asso-catalyse.fr\/index.php\/soutenir-catalyse\/","title":{"rendered":"Comment soutenir l&rsquo;association CATALYSE&nbsp;:"},"content":{"rendered":"\n<p>CATALYSE d\u00e9pend de votre soutien pour continuer ses missions. Ce sont les adh\u00e9sions qui permettent d&rsquo;assurer les frais de fonctionnement \u00e0 la base de toute vie associative. Et ce sont les dons qui permettent de passer \u00e0 l&rsquo;action. Merci pour votre participation&nbsp;!<br>Pour adh\u00e9rer ou faire un don par <strong>ch\u00e8que ou virement<\/strong>, <a href=\"http:\/\/asso-catalyse.fr\/index.php\/contactform\/\">envoyez-nous un message<\/a>.<br>Pour le faire par <strong>carte bleue<\/strong> via HelloAsso utilisez simplement un des formulaires ci-dessous&nbsp;:<\/p>\n\n\n\n<iframe id=\"haWidget\" allowtransparency=\"true\" scrolling=\"auto\" src=\"https:\/\/www.helloasso.com\/associations\/catalyse\/formulaires\/1\/widget\" style=\"width:100%;height:750px;border:none;\" onload=\"window.scroll(0, this.offsetTop)\"><\/iframe>\n\n\n\n<iframe id=\"haWidget\" allowtransparency=\"true\" scrolling=\"auto\" src=\"https:\/\/www.helloasso.com\/associations\/catalyse\/adhesions\/adherer-a-catalyse\/widget\" style=\"width:100%;height:750px;border:none;\" onload=\"window.scroll(0, this.offsetTop)\"><\/iframe>\n","protected":false},"excerpt":{"rendered":"<p>CATALYSE d\u00e9pend de votre soutien pour continuer ses missions. Ce sont les adh\u00e9sions qui permettent d&rsquo;assurer les frais de fonctionnement \u00e0 la base de toute vie associative. Et ce sont les dons qui permettent de passer \u00e0 l&rsquo;action. Merci pour votre participation&nbsp;!Pour adh\u00e9rer ou faire un don par ch\u00e8que ou virement, envoyez-nous un message.Pour le&hellip; <br \/> <a class=\"button small blue\" href=\"https:\/\/asso-catalyse.fr\/index.php\/soutenir-catalyse\/\">Lire la suite<\/a><\/p>\n","protected":false},"author":1,"featured_media":0,"parent":0,"menu_order":0,"comment_status":"closed","ping_status":"closed","template":"","meta":{"footnotes":""},"class_list":["post-376","page","type-page","status-publish","hentry"],"featured_image_urls_v2":{"full":"","thumbnail":"","medium":"","medium_large":"","large":"","1536x1536":"","2048x2048":"","post-thumbnail":"","one-page-express-full-hd":""},"post_excerpt_stackable_v2":"<p>CATALYSE d\u00e9pend de votre soutien pour continuer ses missions. Ce sont les adh\u00e9sions qui permettent d&rsquo;assurer les frais de fonctionnement \u00e0 la base de toute vie associative. Et ce sont les dons qui permettent de passer \u00e0 l&rsquo;action. Merci pour votre participation&nbsp;!Pour adh\u00e9rer ou faire un don par ch\u00e8que ou virement, envoyez-nous un message.Pour le faire par carte bleue via HelloAsso utilisez simplement un des formulaires ci-dessous&nbsp;:<\/p>\n","category_list_v2":"","author_info_v2":{"name":"Catalyse","url":"https:\/\/asso-catalyse.fr\/index.php\/author\/catalyse\/"},"comments_num_v2":"0 commentaire","yoast_head":"<!-- This site is optimized with the Yoast SEO plugin v25.6 - https:\/\/yoast.com\/wordpress\/plugins\/seo\/ -->\n<title>Comment soutenir l&#039;association CATALYSE : &#8902; Association Catalyse<\/title>\n<meta name=\"robots\" content=\"index, follow, max-snippet:-1, max-image-preview:large, max-video-preview:-1\" \/>\n<link rel=\"canonical\" href=\"https:\/\/asso-catalyse.fr\/index.php\/soutenir-catalyse\/\" \/>\n<meta property=\"og:locale\" content=\"fr_FR\" \/>\n<meta property=\"og:type\" content=\"article\" \/>\n<meta property=\"og:title\" content=\"Comment soutenir l&#039;association CATALYSE : &#8902; Association Catalyse\" \/>\n<meta property=\"og:description\" content=\"CATALYSE d\u00e9pend de votre soutien pour continuer ses missions. Ce sont les adh\u00e9sions qui permettent d&rsquo;assurer les frais de fonctionnement \u00e0 la base de toute vie associative. Et ce sont les dons qui permettent de passer \u00e0 l&rsquo;action. Merci pour votre participation&nbsp;!Pour adh\u00e9rer ou faire un don par ch\u00e8que ou virement, envoyez-nous un message.Pour le&hellip; Lire la suite\" \/>\n<meta property=\"og:url\" content=\"https:\/\/asso-catalyse.fr\/index.php\/soutenir-catalyse\/\" \/>\n<meta property=\"og:site_name\" content=\"Association Catalyse\" \/>\n<meta property=\"article:modified_time\" content=\"2020-08-03T11:33:59+00:00\" \/>\n<meta name=\"twitter:card\" content=\"summary_large_image\" \/>\n<script type=\"application\/ld+json\" class=\"yoast-schema-graph\">{\"@context\":\"https:\/\/schema.org\",\"@graph\":[{\"@type\":\"WebPage\",\"@id\":\"https:\/\/asso-catalyse.fr\/index.php\/soutenir-catalyse\/\",\"url\":\"https:\/\/asso-catalyse.fr\/index.php\/soutenir-catalyse\/\",\"name\":\"Comment soutenir l'association CATALYSE : &#8902; Association Catalyse\",\"isPartOf\":{\"@id\":\"https:\/\/asso-catalyse.fr\/#website\"},\"datePublished\":\"2020-05-05T12:31:27+00:00\",\"dateModified\":\"2020-08-03T11:33:59+00:00\",\"breadcrumb\":{\"@id\":\"https:\/\/asso-catalyse.fr\/index.php\/soutenir-catalyse\/#breadcrumb\"},\"inLanguage\":\"fr-FR\",\"potentialAction\":[{\"@type\":\"ReadAction\",\"target\":[\"https:\/\/asso-catalyse.fr\/index.php\/soutenir-catalyse\/\"]}]},{\"@type\":\"BreadcrumbList\",\"@id\":\"https:\/\/asso-catalyse.fr\/index.php\/soutenir-catalyse\/#breadcrumb\",\"itemListElement\":[{\"@type\":\"ListItem\",\"position\":1,\"name\":\"Accueil\",\"item\":\"https:\/\/asso-catalyse.fr\/\"},{\"@type\":\"ListItem\",\"position\":2,\"name\":\"Comment soutenir l&rsquo;association CATALYSE&nbsp;:\"}]},{\"@type\":\"WebSite\",\"@id\":\"https:\/\/asso-catalyse.fr\/#website\",\"url\":\"https:\/\/asso-catalyse.fr\/\",\"name\":\"Association Catalyse\",\"description\":\"Autonomie \u00e9nerg\u00e9tique pour le milieu rural\",\"potentialAction\":[{\"@type\":\"SearchAction\",\"target\":{\"@type\":\"EntryPoint\",\"urlTemplate\":\"https:\/\/asso-catalyse.fr\/?s={search_term_string}\"},\"query-input\":{\"@type\":\"PropertyValueSpecification\",\"valueRequired\":true,\"valueName\":\"search_term_string\"}}],\"inLanguage\":\"fr-FR\"}]}<\/script>\n<!-- \/ Yoast SEO plugin. -->","yoast_head_json":{"title":"Comment soutenir l'association CATALYSE : &#8902; Association Catalyse","robots":{"index":"index","follow":"follow","max-snippet":"max-snippet:-1","max-image-preview":"max-image-preview:large","max-video-preview":"max-video-preview:-1"},"canonical":"https:\/\/asso-catalyse.fr\/index.php\/soutenir-catalyse\/","og_locale":"fr_FR","og_type":"article","og_title":"Comment soutenir l'association CATALYSE : &#8902; Association Catalyse","og_description":"CATALYSE d\u00e9pend de votre soutien pour continuer ses missions. Ce sont les adh\u00e9sions qui permettent d&rsquo;assurer les frais de fonctionnement \u00e0 la base de toute vie associative. Et ce sont les dons qui permettent de passer \u00e0 l&rsquo;action. Merci pour votre participation&nbsp;!Pour adh\u00e9rer ou faire un don par ch\u00e8que ou virement, envoyez-nous un message.Pour le&hellip; Lire la suite","og_url":"https:\/\/asso-catalyse.fr\/index.php\/soutenir-catalyse\/","og_site_name":"Association Catalyse","article_modified_time":"2020-08-03T11:33:59+00:00","twitter_card":"summary_large_image","schema":{"@context":"https:\/\/schema.org","@graph":[{"@type":"WebPage","@id":"https:\/\/asso-catalyse.fr\/index.php\/soutenir-catalyse\/","url":"https:\/\/asso-catalyse.fr\/index.php\/soutenir-catalyse\/","name":"Comment soutenir l'association CATALYSE : &#8902; Association Catalyse","isPartOf":{"@id":"https:\/\/asso-catalyse.fr\/#website"},"datePublished":"2020-05-05T12:31:27+00:00","dateModified":"2020-08-03T11:33:59+00:00","breadcrumb":{"@id":"https:\/\/asso-catalyse.fr\/index.php\/soutenir-catalyse\/#breadcrumb"},"inLanguage":"fr-FR","potentialAction":[{"@type":"ReadAction","target":["https:\/\/asso-catalyse.fr\/index.php\/soutenir-catalyse\/"]}]},{"@type":"BreadcrumbList","@id":"https:\/\/asso-catalyse.fr\/index.php\/soutenir-catalyse\/#breadcrumb","itemListElement":[{"@type":"ListItem","position":1,"name":"Accueil","item":"https:\/\/asso-catalyse.fr\/"},{"@type":"ListItem","position":2,"name":"Comment soutenir l&rsquo;association CATALYSE&nbsp;:"}]},{"@type":"WebSite","@id":"https:\/\/asso-catalyse.fr\/#website","url":"https:\/\/asso-catalyse.fr\/","name":"Association Catalyse","description":"Autonomie \u00e9nerg\u00e9tique pour le milieu rural","potentialAction":[{"@type":"SearchAction","target":{"@type":"EntryPoint","urlTemplate":"https:\/\/asso-catalyse.fr\/?s={search_term_string}"},"query-input":{"@type":"PropertyValueSpecification","valueRequired":true,"valueName":"search_term_string"}}],"inLanguage":"fr-FR"}]}},"_links":{"self":[{"href":"https:\/\/asso-catalyse.fr\/index.php\/wp-json\/wp\/v2\/pages\/376"}],"collection":[{"href":"https:\/\/asso-catalyse.fr\/index.php\/wp-json\/wp\/v2\/pages"}],"about":[{"href":"https:\/\/asso-catalyse.fr\/index.php\/wp-json\/wp\/v2\/types\/page"}],"author":[{"embeddable":true,"href":"https:\/\/asso-catalyse.fr\/index.php\/wp-json\/wp\/v2\/users\/1"}],"replies":[{"embeddable":true,"href":"https:\/\/asso-catalyse.fr\/index.php\/wp-json\/wp\/v2\/comments?post=376"}],"version-history":[{"count":15,"href":"https:\/\/asso-catalyse.fr\/index.php\/wp-json\/wp\/v2\/pages\/376\/revisions"}],"predecessor-version":[{"id":1110,"href":"https:\/\/asso-catalyse.fr\/index.php\/wp-json\/wp\/v2\/pages\/376\/revisions\/1110"}],"wp:attachment":[{"href":"https:\/\/asso-catalyse.fr\/index.php\/wp-json\/wp\/v2\/media?parent=376"}],"curies":[{"name":"wp","href":"https:\/\/api.w.org\/{rel}","templated":true}]}}